{"id":2,"date":"2021-06-22T17:53:52","date_gmt":"2021-06-22T17:53:52","guid":{"rendered":"http:\/\/black-re.site36.net\/?page_id=2"},"modified":"2021-11-02T20:30:29","modified_gmt":"2021-11-02T20:30:29","slug":"sample-page","status":"publish","type":"page","link":"https:\/\/black-re.site36.net\/?page_id=2","title":{"rendered":"Black_RE"},"content":{"rendered":"<div class=\"entry-content\">\n<p>Black_re est un groupe cr\u00e9ation et auto organisait par des r\u00e9fugi\u00e9e del\u00b4Afrique subsaharienne r\u00e9sident en Allemagne et la plus par vivent \u00e0 Berlin et au Brandenburd.<\/p>\n<p>En t\u00b4en que r\u00e9fugi\u00e9es qui rencontre non seulement les surpr\u00e9tion des loi d\u00b4asile ou discrimination des agentes administratif. nous vivons au quotidien aussi le clacisme, le raciste, sexisme, homophobie\u2026 etc<\/p>\n<p>C\u00b4est la raison pour la quel nous r\u00e9fugi\u00e9es se sont r\u00e9unir et avec longue refl\u00e9ction nous avons d\u00e9cider de cr\u00e9e un groupe activistes auto organisait par des r\u00e9fugi\u00e9es de l\u00b4Afrique subsaharien.<\/p>\n<p>Notre style est d\u00b4\u00e9manciper les id\u00e9e de cr\u00e9ation et d\u00b4opportunisme des r\u00e9fugi\u00e9es d\u00b4Afrique subsaharien et de fluidifier la communication entre des groupe activistes qui milite ou travail avec des r\u00e9fugi\u00e9es.<\/p>\n<\/div>\n","protected":false},"excerpt":{"rendered":"<p>Black_re est un groupe cr\u00e9ation et auto organisait par des r\u00e9fugi\u00e9e del\u00b4Afrique subsaharienne r\u00e9sident en Allemagne et la plus par vivent \u00e0 Berlin et au Brandenburd. En t\u00b4en que r\u00e9fugi\u00e9es qui rencontre non seulement les surpr\u00e9tion des loi d\u00b4asile ou discrimination des agentes administratif. nous vivons au quotidien aussi le clacisme, le raciste, sexisme, homophobie\u2026 &hellip; <a href=\"https:\/\/black-re.site36.net\/?page_id=2\" class=\"more-link\">Continue reading <span class=\"screen-reader-text\">Black_RE<\/span> <span class=\"meta-nav\">&rarr;<\/span><\/a><\/p>\n","protected":false},"author":151,"featured_media":0,"parent":0,"menu_order":0,"comment_status":"closed","ping_status":"open","template":"","meta":{"footnotes":""},"class_list":["post-2","page","type-page","status-publish","hentry"],"_links":{"self":[{"href":"https:\/\/black-re.site36.net\/index.php?rest_route=\/wp\/v2\/pages\/2","targetHints":{"allow":["GET"]}}],"collection":[{"href":"https:\/\/black-re.site36.net\/index.php?rest_route=\/wp\/v2\/pages"}],"about":[{"href":"https:\/\/black-re.site36.net\/index.php?rest_route=\/wp\/v2\/types\/page"}],"author":[{"embeddable":true,"href":"https:\/\/black-re.site36.net\/index.php?rest_route=\/wp\/v2\/users\/151"}],"replies":[{"embeddable":true,"href":"https:\/\/black-re.site36.net\/index.php?rest_route=%2Fwp%2Fv2%2Fcomments&post=2"}],"version-history":[{"count":2,"href":"https:\/\/black-re.site36.net\/index.php?rest_route=\/wp\/v2\/pages\/2\/revisions"}],"predecessor-version":[{"id":42,"href":"https:\/\/black-re.site36.net\/index.php?rest_route=\/wp\/v2\/pages\/2\/revisions\/42"}],"wp:attachment":[{"href":"https:\/\/black-re.site36.net\/index.php?rest_route=%2Fwp%2Fv2%2Fmedia&parent=2"}],"curies":[{"name":"wp","href":"https:\/\/api.w.org\/{rel}","templated":true}]}}